{"id":24,"date":"2018-06-16T10:58:45","date_gmt":"2018-06-16T08:58:45","guid":{"rendered":"http:\/\/sylwiakoryga.pl\/?page_id=24"},"modified":"2018-06-26T13:33:41","modified_gmt":"2018-06-26T11:33:41","slug":"kontakt","status":"publish","type":"page","link":"https:\/\/sylwiakoryga.pl\/en\/kontakt\/","title":{"rendered":"Kontakt"},"content":{"rendered":"<p>EN Specjalistyczny Gabinet Po\u0142o\u017cniczo-Ginekologiczny<br \/>\ndr n. med. Sylwia Koryga &#8211; Wszo\u0142ek<\/p>","protected":false},"excerpt":{"rendered":"<p>EN Specjalistyczny Gabinet Po\u0142o\u017cniczo-Ginekologiczny dr n. med. Sylwia Koryga &#8211; Wszo\u0142ek<\/p>\n","protected":false},"author":1,"featured_media":0,"parent":0,"menu_order":0,"comment_status":"closed","ping_status":"closed","template":"templates\/contact.php","meta":{"_acf_changed":false,"footnotes":""},"class_list":["post-24","page","type-page","status-publish","hentry"],"acf":[],"_links":{"self":[{"href":"https:\/\/sylwiakoryga.pl\/en\/wp-json\/wp\/v2\/pages\/24","targetHints":{"allow":["GET"]}}],"collection":[{"href":"https:\/\/sylwiakoryga.pl\/en\/wp-json\/wp\/v2\/pages"}],"about":[{"href":"https:\/\/sylwiakoryga.pl\/en\/wp-json\/wp\/v2\/types\/page"}],"author":[{"embeddable":true,"href":"https:\/\/sylwiakoryga.pl\/en\/wp-json\/wp\/v2\/users\/1"}],"replies":[{"embeddable":true,"href":"https:\/\/sylwiakoryga.pl\/en\/wp-json\/wp\/v2\/comments?post=24"}],"version-history":[{"count":6,"href":"https:\/\/sylwiakoryga.pl\/en\/wp-json\/wp\/v2\/pages\/24\/revisions"}],"predecessor-version":[{"id":60,"href":"https:\/\/sylwiakoryga.pl\/en\/wp-json\/wp\/v2\/pages\/24\/revisions\/60"}],"wp:attachment":[{"href":"https:\/\/sylwiakoryga.pl\/en\/wp-json\/wp\/v2\/media?parent=24"}],"curies":[{"name":"wp","href":"https:\/\/api.w.org\/{rel}","templated":true}]}}